{"id":84,"date":"2011-10-24T09:42:08","date_gmt":"2011-10-24T09:42:08","guid":{"rendered":"https:\/\/www.hotel-lamarisa.com\/?page_id=84"},"modified":"2026-03-05T11:21:39","modified_gmt":"2026-03-05T11:21:39","slug":"infos-legales","status":"publish","type":"page","link":"https:\/\/www.hotel-lamarisa.com\/es\/infos-legales\/","title":{"rendered":"Informaci\u00f3n legal"},"content":{"rendered":"<p><span style=\"font-family: arial, helvetica, sans-serif; font-size: 10pt;\">Informaci\u00f3n Legal de la Empresa<\/span><br \/>\n<span style=\"font-family: arial, helvetica, sans-serif; font-size: 10pt;\">Nombre de Empresa: Compagnie H\u00f4teli\u00e8re de Fr\u00e9ol<\/span><br \/>\n<span style=\"font-family: arial, helvetica, sans-serif; font-size: 10pt;\">Estructura Jur\u00eddica: SAS \u2013 Sociedad An\u00f3nima Simplificada<\/span><br \/>\n<span style=\"font-family: arial, helvetica, sans-serif; font-size: 10pt;\">Capital social: 6.000\u20ac<\/span><br \/>\n<span style=\"font-family: arial, helvetica, sans-serif; font-size: 10pt;\">SIRENA: 533048088<\/span><br \/>\n<span style=\"font-family: arial, helvetica, sans-serif; font-size: 10pt;\">C\u00f3digo APE: 5510Z \u2013 Hoteles y alojamiento similar<\/span><br \/>\n<span style=\"font-family: arial, helvetica, sans-serif; font-size: 10pt;\">N\u00famero de IVA intracomunitario: FR45533048088<\/span><br \/>\n<span style=\"font-family: arial, helvetica, sans-serif; font-size: 10pt;\">Domicilio social: 16 rue Sopite, 64500 Saint-Jean-de-Luz, Francia<\/span><br \/>\n<span style=\"font-family: arial, helvetica, sans-serif; font-size: 10pt;\">Editor del sitio web<\/span><br \/>\n<span style=\"font-family: arial, helvetica, sans-serif; font-size: 10pt;\">Responsable de publicaciones: Olivier Muller, presidente de SAS<\/span><br \/>\n<span style=\"font-family: arial, helvetica, sans-serif; font-size: 10pt;\">Webmaster\/Responsable t\u00e9cnico: El sitio web est\u00e1 gestionado por el H\u00f4tel La Marisa.<\/span><\/p>\n<p><span style=\"font-family: arial, helvetica, sans-serif; font-size: 10pt;\">Para cualquier consulta t\u00e9cnica, cont\u00e1ctenos en: info@hotel-lamarisa.com<\/span><br \/>\n<span style=\"font-family: arial, helvetica, sans-serif; font-size: 10pt;\">Delegado de Protecci\u00f3n de Datos (DPD):<\/span><br \/>\n<span style=\"font-family: arial, helvetica, sans-serif; font-size: 10pt;\">En ausencia de una designaci\u00f3n formal, las solicitudes relativas a datos personales pueden enviarse a: info@hotel-lamarisa.com<\/span><br \/>\n<span style=\"font-family: arial, helvetica, sans-serif; font-size: 10pt;\">Responsabilidades<\/span><\/p>\n<p><span style=\"font-family: arial, helvetica, sans-serif; font-size: 10pt;\">A pesar de todos los esfuerzos para garantizar la exactitud de la informaci\u00f3n, el Hotel La Marisa declina toda responsabilidad:<\/span><br \/>\n<span style=\"font-family: arial, helvetica, sans-serif; font-size: 10pt;\">\u2022 por errores, omisiones o inexactitudes relacionadas con el uso del sitio web,<\/span><br \/>\n<span style=\"font-family: arial, helvetica, sans-serif; font-size: 10pt;\">\u2022 por contenido externo inapropiado a trav\u00e9s de hiperv\u00ednculos,<\/span><br \/>\n<span style=\"font-family: arial, helvetica, sans-serif; font-size: 10pt;\">\u2022 por cualquier fallo t\u00e9cnico (interrupciones, fallos, virus, etc.).<\/span><\/p>\n<p><span style=\"font-family: arial, helvetica, sans-serif; font-size: 10pt;\">Protecci\u00f3n de Datos Personales<\/span><br \/>\n<span style=\"font-family: arial, helvetica, sans-serif; font-size: 10pt;\">De conformidad con el Reglamento General de Protecci\u00f3n de Datos (UE 2016\/679) y la Ley de Protecci\u00f3n de Datos francesa modificada, el Hotel La Marisa se compromete a tratar los datos personales \u00fanicamente para las siguientes finalidades:<\/span><br \/>\n<span style=\"font-family: arial, helvetica, sans-serif; font-size: 10pt;\">\u2022 gesti\u00f3n de reservas,<\/span><br \/>\n<span style=\"font-family: arial, helvetica, sans-serif; font-size: 10pt;\">\u2022 relaciones con el cliente,<\/span><br \/>\n<span style=\"font-family: arial, helvetica, sans-serif; font-size: 10pt;\">\u2022 comunicaciones de marketing (sujeto a consentimiento),<\/span><br \/>\n<span style=\"font-family: arial, helvetica, sans-serif; font-size: 10pt;\">\u2022 mejora del servicio. Derechos del usuario:<\/span><br \/>\n<span style=\"font-family: arial, helvetica, sans-serif; font-size: 10pt;\">Todos los usuarios tienen derecho a acceder, rectificar, suprimir, oponerse y restringir el tratamiento de sus datos personales (art\u00edculos 15 a 22 del RGPD).<\/span><\/p>\n<p><span style=\"font-family: arial, helvetica, sans-serif; font-size: 10pt;\">Contacto: info@hotel-lamarisa.com<\/span><br \/>\n<span style=\"font-family: arial, helvetica, sans-serif; font-size: 10pt;\">Direcci\u00f3n postal: 16 rue Sopite, 64500 Saint-Jean-de-Luz<\/span><br \/>\n<span style=\"font-family: arial, helvetica, sans-serif; font-size: 10pt;\">Los datos se conservan durante un periodo proporcional a su finalidad.<\/span><\/p>\n<p><span style=\"font-family: arial, helvetica, sans-serif; font-size: 10pt;\">Cookies<\/span><\/p>\n<p><span style=\"font-family: arial, helvetica, sans-serif; font-size: 10pt;\">Este sitio web utiliza cookies para mejorar la experiencia del usuario.<\/span><\/p>\n<p><span style=\"font-family: arial, helvetica, sans-serif; font-size: 10pt;\">Por defecto:<\/span><br \/>\n<span style=\"font-family: arial, helvetica, sans-serif; font-size: 10pt;\">\u2022 Algunas cookies son estrictamente necesarias para el correcto funcionamiento del sitio web. \u2022 Otras cookies (estad\u00edsticas, publicitarias) solo se pueden instalar con su consentimiento expl\u00edcito.<\/span><\/p>\n<p><span style=\"font-family: arial, helvetica, sans-serif; font-size: 10pt;\">Un banner de gesti\u00f3n de consentimiento permite a los usuarios aceptar, rechazar o configurar el uso de cookies.<\/span><\/p>\n<p><span style=\"font-family: arial, helvetica, sans-serif; font-size: 10pt;\">Puede cambiar sus preferencias en cualquier momento a trav\u00e9s de la configuraci\u00f3n de su navegador o del m\u00f3dulo de gesti\u00f3n de cookies.<\/span><\/p>\n<p><span style=\"font-family: arial, helvetica, sans-serif; font-size: 10pt;\">Propiedad intelectual<\/span><\/p>\n<p><span style=\"font-family: arial, helvetica, sans-serif; font-size: 10pt;\">Todo el contenido del sitio web (textos, im\u00e1genes, v\u00eddeos, logotipos, bases de datos, arquitectura) est\u00e1 protegido por las disposiciones del C\u00f3digo de la Propiedad Intelectual. Salvo autorizaci\u00f3n expresa por escrito, queda estrictamente prohibida cualquier reproducci\u00f3n, distribuci\u00f3n o uso, incluso parcial.<\/span><\/p>\n<p><span style=\"font-family: arial, helvetica, sans-serif; font-size: 10pt;\">Litigios, Responsabilidad y Mediaci\u00f3n<\/span><br \/>\n<span style=\"font-family: arial, helvetica, sans-serif; font-size: 10pt;\">El Hotel La Marisa no se responsabiliza de las consecuencias derivadas de causas de fuerza mayor o circunstancias ajenas a su voluntad (inclemencias meteorol\u00f3gicas, cierres administrativos, fallos t\u00e9cnicos importantes, etc.). En caso de conflicto que no pueda resolverse amistosamente, el cliente puede ponerse en contacto con el mediador correspondiente:<\/span><br \/>\n<span style=\"font-family: arial, helvetica, sans-serif; font-size: 10pt;\">Mediaci\u00f3n de Turismo y Viajes: 15 avenue Carnot, 75017 Par\u00eds &#8211; +33 1 42 67 96 68<\/span><br \/>\n<span style=\"font-family: arial, helvetica, sans-serif; font-size: 10pt;\">www.mtv.travel<\/span><\/p>\n<p><span style=\"font-family: arial, helvetica, sans-serif; font-size: 10pt;\">Derecho de desistimiento<\/span><br \/>\n<span style=\"font-family: arial, helvetica, sans-serif; font-size: 10pt;\">De conformidad con el art\u00edculo L.221-28 del C\u00f3digo de Consumo franc\u00e9s, el derecho de desistimiento no se aplica a los servicios de alojamiento prestados en una fecha o per\u00edodo espec\u00edficos. Por lo tanto, todas las reservas son firmes, definitivas y no reembolsables, salvo en las condiciones espec\u00edficas mencionadas en los T\u00e9rminos y Condiciones Generales.<\/span><\/p>\n<p><span style=\"font-family: arial, helvetica, sans-serif; font-size: 10pt;\">Exclusi\u00f3n de telemarketing<\/span><\/p>\n<p><span style=\"font-family: arial, helvetica, sans-serif; font-size: 10pt;\">Los consumidores pueden darse de baja de las comunicaciones por telemarketing registr\u00e1ndose gratuitamente en el registro de Bloctel: www.bloctel.gouv.fr<\/span><\/p>\n<p><span style=\"font-family: arial, helvetica, sans-serif; font-size: 10pt;\">Alojamiento web<\/span><br \/>\n<span style=\"font-family: arial, helvetica, sans-serif; font-size: 10pt;\">Proveedor de alojamiento: GANDI<\/span><br \/>\n<span style=\"font-family: arial, helvetica, sans-serif; font-size: 10pt;\">63\/65 63 BOULEVARD MASSENA 75013 PAR\u00cdS<\/span><br \/>\n<span style=\"font-family: arial, helvetica, sans-serif; font-size: 10pt;\">www.gandi.net<\/span><\/p>\n<p><span style=\"font-family: arial, helvetica, sans-serif; font-size: 10pt;\">Ley y jurisdicci\u00f3n aplicables<\/span><br \/>\n<span style=\"font-family: arial, helvetica, sans-serif; font-size: 10pt;\">El presente aviso legal se rige por la legislaci\u00f3n francesa.<\/span><\/p>\n<p><span style=\"font-family: arial, helvetica, sans-serif; font-size: 10pt;\">Cualquier litigio ser\u00e1 competencia exclusiva de los tribunales de Bayona, salvo disposici\u00f3n legal imperativa.<\/span><\/p>","protected":false},"excerpt":{"rendered":"<p>Informaci\u00f3n Legal de la Empresa Nombre de Empresa: Compagnie H\u00f4teli\u00e8re de Fr\u00e9ol Estructura Jur\u00eddica: SAS \u2013 Sociedad An\u00f3nima Simplificada Capital [&hellip;]<\/p>\n","protected":false},"author":1,"featured_media":0,"parent":0,"menu_order":0,"comment_status":"closed","ping_status":"closed","template":"","meta":{"ngg_post_thumbnail":0},"yoast_head":"<!-- This site is optimized with the Yoast SEO plugin v15.9 - https:\/\/yoast.com\/wordpress\/plugins\/seo\/ -->\n<meta name=\"robots\" content=\"index, follow, max-snippet:-1, max-image-preview:large, max-video-preview:-1\" \/>\n<link rel=\"canonical\" href=\"https:\/\/www.hotel-lamarisa.com\/infos-legales\/\" \/>\n<meta name=\"twitter:label1\" content=\"Tiempo de lectura\">\n\t<meta name=\"twitter:data1\" content=\"3 minutos\">\n<script type=\"application\/ld+json\" class=\"yoast-schema-graph\">{\"@context\":\"https:\/\/schema.org\",\"@graph\":[{\"@type\":\"WebSite\",\"@id\":\"https:\/\/www.hotel-lamarisa.com\/#website\",\"url\":\"https:\/\/www.hotel-lamarisa.com\/\",\"name\":\"Hotel La Marisa \\u00e0 St Jean de Luz au Pays Basque\",\"description\":\"\",\"potentialAction\":[{\"@type\":\"SearchAction\",\"target\":\"https:\/\/www.hotel-lamarisa.com\/?s={search_term_string}\",\"query-input\":\"required name=search_term_string\"}],\"inLanguage\":\"es\"},{\"@type\":\"WebPage\",\"@id\":\"https:\/\/www.hotel-lamarisa.com\/infos-legales\/#webpage\",\"url\":\"https:\/\/www.hotel-lamarisa.com\/infos-legales\/\",\"name\":\"[:fr]Mentions l\\u00e9gales[:en]Legal infos[:es]Informaci\\u00f3n legal[:] - Hotel La Marisa \\u00e0 St Jean de Luz au Pays Basque\",\"isPartOf\":{\"@id\":\"https:\/\/www.hotel-lamarisa.com\/#website\"},\"datePublished\":\"2011-10-24T09:42:08+00:00\",\"dateModified\":\"2026-03-05T11:21:39+00:00\",\"breadcrumb\":{\"@id\":\"https:\/\/www.hotel-lamarisa.com\/infos-legales\/#breadcrumb\"},\"inLanguage\":\"es\",\"potentialAction\":[{\"@type\":\"ReadAction\",\"target\":[\"https:\/\/www.hotel-lamarisa.com\/infos-legales\/\"]}]},{\"@type\":\"BreadcrumbList\",\"@id\":\"https:\/\/www.hotel-lamarisa.com\/infos-legales\/#breadcrumb\",\"itemListElement\":[{\"@type\":\"ListItem\",\"position\":1,\"item\":{\"@type\":\"WebPage\",\"@id\":\"https:\/\/www.hotel-lamarisa.com\/\",\"url\":\"https:\/\/www.hotel-lamarisa.com\/\",\"name\":\"Accueil\"}},{\"@type\":\"ListItem\",\"position\":2,\"item\":{\"@type\":\"WebPage\",\"@id\":\"https:\/\/www.hotel-lamarisa.com\/infos-legales\/\",\"url\":\"https:\/\/www.hotel-lamarisa.com\/infos-legales\/\",\"name\":\"Mentions l\\u00e9gales\"}}]}]}<\/script>\n<!-- \/ Yoast SEO plugin. -->","_links":{"self":[{"href":"https:\/\/www.hotel-lamarisa.com\/es\/wp-json\/wp\/v2\/pages\/84"}],"collection":[{"href":"https:\/\/www.hotel-lamarisa.com\/es\/wp-json\/wp\/v2\/pages"}],"about":[{"href":"https:\/\/www.hotel-lamarisa.com\/es\/wp-json\/wp\/v2\/types\/page"}],"author":[{"embeddable":true,"href":"https:\/\/www.hotel-lamarisa.com\/es\/wp-json\/wp\/v2\/users\/1"}],"replies":[{"embeddable":true,"href":"https:\/\/www.hotel-lamarisa.com\/es\/wp-json\/wp\/v2\/comments?post=84"}],"version-history":[{"count":9,"href":"https:\/\/www.hotel-lamarisa.com\/es\/wp-json\/wp\/v2\/pages\/84\/revisions"}],"predecessor-version":[{"id":1641,"href":"https:\/\/www.hotel-lamarisa.com\/es\/wp-json\/wp\/v2\/pages\/84\/revisions\/1641"}],"wp:attachment":[{"href":"https:\/\/www.hotel-lamarisa.com\/es\/wp-json\/wp\/v2\/media?parent=84"}],"curies":[{"name":"wp","href":"https:\/\/api.w.org\/{rel}","templated":true}]}}