{"id":7,"date":"2011-10-19T16:33:38","date_gmt":"2011-10-19T16:33:38","guid":{"rendered":"https:\/\/www.hotel-lamarisa.com\/?page_id=7"},"modified":"2024-04-25T13:33:05","modified_gmt":"2024-04-25T13:33:05","slug":"nos-chambres","status":"publish","type":"page","link":"https:\/\/www.hotel-lamarisa.com\/es\/nos-chambres\/","title":{"rendered":"Nuestras habitaciones"},"content":{"rendered":"<p><\/p>\n<h2><strong>D\u00e9jese seducir por el arte de vivir y el refinamiento de este hotel.<br \/>\n<\/strong><\/h2>\n<p>Con sus 16 habitaciones diferentes, La Marisa da prioridad a su comodidad y le ofrece un servicio discreto y atento: un lugar de sanaci\u00f3n, un enclave de serenidad ubicado en el coraz\u00f3n de la ciudad.<\/p>\n<p>Tome el ascensor con paneles de roble, un acogedor pasillo lo llevar\u00e1 a su habitaci\u00f3n con refinado confort y decoraci\u00f3n personalizada &#8230;<\/p>\n<h2><strong>Nuestros diferentes tipos de habitaciones<br \/>\n<\/strong><\/h2>\n<table class=\"chambre\" style=\"width: 100%; height: 450px;\">\n<tbody>\n<tr>\n<td style=\"width: 450px; border: 1px solid #bababa; padding: 0px 30px;\">\n<h2 style=\"font-size: 26px; margin: 0px; font-family: 'Didact Gothic', Arial; text-align: center;\">Habitacion clasica<\/h2>\n<p style=\"text-align: center;\">1 a 2 personas &#8211; 14 m\u00b2<\/p>\n<p>Esta encantadora habitaci\u00f3n tiene capacidad para 1 o 2 personas con una cama de 1,40 m y un ba\u00f1o con ducha recientemente renovado.<\/p>\n<p><a href=\"https:\/\/secure.reservit.com\/fo\/booking\/2\/203475\/dates?specialMode=default&amp;langcode=ES\" target=\"_blank\" rel=\"noopener noreferrer\"><img loading=\"lazy\" class=\"aligncenter wp-image-1381 size-full\" src=\"https:\/\/www.hotel-lamarisa.com\/wp-content\/uploads\/2020\/06\/reserver-es.jpg\" alt=\"\" width=\"130\" height=\"39\"><\/a><\/p>\n<p style=\"text-align: center;\">Doble vidrio<br \/>\nAcceso Wifi \/ TV HD<br \/>\nCaja fuerte, secador de pelo<br \/>\nAmenidades de ba\u00f1o<br \/>\nHervidor con t\u00e9 y caf\u00e9<br \/>\nVentilador<br \/>\nPlancha y tabla de planchar a petici\u00f3n<\/p>\n<\/td>\n<td style=\"width: 12px;\">&nbsp;<\/td>\n<td style=\"width: 450px;\">\n<div><\/div>\n<\/td>\n<\/tr>\n<\/tbody>\n<\/table>\n<p>&nbsp;<\/p>\n<table class=\"chambre\" style=\"width: 100%; height: 450px;\">\n<tbody>\n<tr>\n<td style=\"width: 450px;\">\n<div><\/div>\n<\/td>\n<td style=\"width: 12px;\">&nbsp;<\/td>\n<td style=\"width: 450px; border: 1px solid #bababa; padding: 0px 30px;\">\n<h2 style=\"font-size: 26px; margin: 0px; font-family: 'Didact Gothic', Arial; text-align: center;\">Habitaci\u00f3n Confortable<\/h2>\n<p style=\"text-align: center;\">1 a 2 personas &#8211; 16 m\u00b2<\/p>\n<p><strong>Equipado con aire acondicionado<\/strong>, con vistas al patio hacia el sur, esta habitaci\u00f3n muy tranquila ofrece una c\u00f3moda cama de 1,60 m y un ba\u00f1o o ducha. Una habitaci\u00f3n equipada para personas con movilidad reducida.<\/p>\n<p><a href=\"https:\/\/secure.reservit.com\/fo\/booking\/2\/203475\/dates?specialMode=default&amp;langcode=ES\" target=\"_blank\" rel=\"noopener noreferrer\"><img loading=\"lazy\" class=\"aligncenter wp-image-1381 size-full\" src=\"https:\/\/www.hotel-lamarisa.com\/wp-content\/uploads\/2020\/06\/reserver-es.jpg\" alt=\"\" width=\"130\" height=\"39\"><\/a><\/p>\n<p style=\"text-align: center;\"><strong>Aire acondicionado<\/strong><\/p>\n<p style=\"text-align: center;\">Doble vidrio<br \/>\nAcceso Wifi \/ TV HD<br \/>\nCaja fuerte, secador de pelo<br \/>\nAmenidades de ba\u00f1o<br \/>\nHervidor con t\u00e9 y caf\u00e9<br \/>\nPlancha y tabla de planchar a petici\u00f3n<\/p>\n<\/td>\n<\/tr>\n<\/tbody>\n<\/table>\n<p>&nbsp;<\/p>\n<table class=\"chambre\" style=\"width: 100%; height: 450px;\">\n<tbody>\n<tr>\n<td style=\"width: 450px; border: 1px solid #bababa; padding: 0px 30px;\">\n<h2 style=\"font-size: 26px; margin: 0px; font-family: 'Didact Gothic', Arial; text-align: center;\">Habitaci\u00f3n Gran Confort<\/h2>\n<p style=\"text-align: center;\">1 a 2 personas &#8211; 18 m\u00b2<\/p>\n<p><strong>Equipado con aire acondicionado<\/strong>, estas hermosas habitaciones ofrecen una cama King Size de 1,80 m de ancho (o dos camas individuales) y un ba\u00f1o con ba\u00f1era o ducha a ras de suelo. Algunas habitaciones tienen una magn\u00edfica vista al mar.<\/p>\n<p><a href=\"https:\/\/secure.reservit.com\/fo\/booking\/2\/203475\/dates?specialMode=default&amp;langcode=ES\" target=\"_blank\" rel=\"noopener noreferrer\"><img loading=\"lazy\" class=\"aligncenter wp-image-1381 size-full\" src=\"https:\/\/www.hotel-lamarisa.com\/wp-content\/uploads\/2020\/06\/reserver-es.jpg\" alt=\"\" width=\"130\" height=\"39\"><\/a><\/p>\n<p style=\"text-align: center;\"><strong>Aire acondicionado<\/strong><\/p>\n<p style=\"text-align: center;\">Doble vidrio<br \/>\nAcceso Wifi \/ TV HD<br \/>\nCaja fuerte, secador de pelo<br \/>\nAmenidades de ba\u00f1o<br \/>\nHervidor con t\u00e9 y caf\u00e9, Cafetera Nespresso,&nbsp;<br \/>\nVentilador<br \/>\nPlancha y tabla de planchar a petici\u00f3n<br \/>\nCama supletoria bajo petici\u00f3n (+ 20 \u20ac \/ d\u00eda)<\/p>\n<\/td>\n<td style=\"width: 12px;\">&nbsp;<\/td>\n<td style=\"width: 450px;\">\n<div><\/div>\n<\/td>\n<\/tr>\n<\/tbody>\n<\/table>\n<p><\/p>","protected":false},"excerpt":{"rendered":"<p>D\u00e9jese seducir por el arte de vivir y el refinamiento de este hotel. Con sus 16 habitaciones diferentes, La Marisa [&hellip;]<\/p>\n","protected":false},"author":1,"featured_media":0,"parent":0,"menu_order":0,"comment_status":"closed","ping_status":"closed","template":"","meta":{"ngg_post_thumbnail":0},"yoast_head":"<!-- This site is optimized with the Yoast SEO plugin v15.9 - https:\/\/yoast.com\/wordpress\/plugins\/seo\/ -->\n<meta name=\"robots\" content=\"index, follow, max-snippet:-1, max-image-preview:large, max-video-preview:-1\" \/>\n<link rel=\"canonical\" href=\"https:\/\/www.hotel-lamarisa.com\/nos-chambres\/\" \/>\n<meta name=\"twitter:label1\" content=\"Tiempo de lectura\">\n\t<meta name=\"twitter:data1\" content=\"6 minutos\">\n<script type=\"application\/ld+json\" class=\"yoast-schema-graph\">{\"@context\":\"https:\/\/schema.org\",\"@graph\":[{\"@type\":\"WebSite\",\"@id\":\"https:\/\/www.hotel-lamarisa.com\/#website\",\"url\":\"https:\/\/www.hotel-lamarisa.com\/\",\"name\":\"Hotel La Marisa \\u00e0 St Jean de Luz au Pays Basque\",\"description\":\"\",\"potentialAction\":[{\"@type\":\"SearchAction\",\"target\":\"https:\/\/www.hotel-lamarisa.com\/?s={search_term_string}\",\"query-input\":\"required name=search_term_string\"}],\"inLanguage\":\"es\"},{\"@type\":\"ImageObject\",\"@id\":\"https:\/\/www.hotel-lamarisa.com\/nos-chambres\/#primaryimage\",\"inLanguage\":\"es\",\"url\":\"https:\/\/www.hotel-lamarisa.com\/wp-content\/uploads\/2020\/06\/reserver-1.jpg\"},{\"@type\":\"WebPage\",\"@id\":\"https:\/\/www.hotel-lamarisa.com\/nos-chambres\/#webpage\",\"url\":\"https:\/\/www.hotel-lamarisa.com\/nos-chambres\/\",\"name\":\"[:fr]Nos chambres[:en]Our rooms[:es]Nuestras habitaciones[:] - Hotel La Marisa \\u00e0 St Jean de Luz au Pays Basque\",\"isPartOf\":{\"@id\":\"https:\/\/www.hotel-lamarisa.com\/#website\"},\"primaryImageOfPage\":{\"@id\":\"https:\/\/www.hotel-lamarisa.com\/nos-chambres\/#primaryimage\"},\"datePublished\":\"2011-10-19T16:33:38+00:00\",\"dateModified\":\"2024-04-25T13:33:05+00:00\",\"breadcrumb\":{\"@id\":\"https:\/\/www.hotel-lamarisa.com\/nos-chambres\/#breadcrumb\"},\"inLanguage\":\"es\",\"potentialAction\":[{\"@type\":\"ReadAction\",\"target\":[\"https:\/\/www.hotel-lamarisa.com\/nos-chambres\/\"]}]},{\"@type\":\"BreadcrumbList\",\"@id\":\"https:\/\/www.hotel-lamarisa.com\/nos-chambres\/#breadcrumb\",\"itemListElement\":[{\"@type\":\"ListItem\",\"position\":1,\"item\":{\"@type\":\"WebPage\",\"@id\":\"https:\/\/www.hotel-lamarisa.com\/\",\"url\":\"https:\/\/www.hotel-lamarisa.com\/\",\"name\":\"Accueil\"}},{\"@type\":\"ListItem\",\"position\":2,\"item\":{\"@type\":\"WebPage\",\"@id\":\"https:\/\/www.hotel-lamarisa.com\/nos-chambres\/\",\"url\":\"https:\/\/www.hotel-lamarisa.com\/nos-chambres\/\",\"name\":\"Nos chambres\"}}]}]}<\/script>\n<!-- \/ Yoast SEO plugin. -->","_links":{"self":[{"href":"https:\/\/www.hotel-lamarisa.com\/es\/wp-json\/wp\/v2\/pages\/7"}],"collection":[{"href":"https:\/\/www.hotel-lamarisa.com\/es\/wp-json\/wp\/v2\/pages"}],"about":[{"href":"https:\/\/www.hotel-lamarisa.com\/es\/wp-json\/wp\/v2\/types\/page"}],"author":[{"embeddable":true,"href":"https:\/\/www.hotel-lamarisa.com\/es\/wp-json\/wp\/v2\/users\/1"}],"replies":[{"embeddable":true,"href":"https:\/\/www.hotel-lamarisa.com\/es\/wp-json\/wp\/v2\/comments?post=7"}],"version-history":[{"count":171,"href":"https:\/\/www.hotel-lamarisa.com\/es\/wp-json\/wp\/v2\/pages\/7\/revisions"}],"predecessor-version":[{"id":1611,"href":"https:\/\/www.hotel-lamarisa.com\/es\/wp-json\/wp\/v2\/pages\/7\/revisions\/1611"}],"wp:attachment":[{"href":"https:\/\/www.hotel-lamarisa.com\/es\/wp-json\/wp\/v2\/media?parent=7"}],"curies":[{"name":"wp","href":"https:\/\/api.w.org\/{rel}","templated":true}]}}