{"id":505,"date":"2012-12-26T11:17:34","date_gmt":"2012-12-26T11:17:34","guid":{"rendered":"https:\/\/www.hotel-lamarisa.com\/?page_id=505"},"modified":"2015-02-12T10:42:33","modified_gmt":"2015-02-12T10:42:33","slug":"la-marisa-et-lenvironnement","status":"publish","type":"page","link":"https:\/\/www.hotel-lamarisa.com\/es\/la-marisa-et-lenvironnement\/","title":{"rendered":"(Fran\u00e7ais) La Marisa et l&#8217;Environnement"},"content":{"rendered":"<p class=\"qtranxs-available-languages-message qtranxs-available-languages-message-es\">Disculpa, pero esta entrada est\u00e1 disponible s\u00f3lo en <a href=\"https:\/\/www.hotel-lamarisa.com\/fr\/wp-json\/wp\/v2\/pages\/505\" class=\"qtranxs-available-language-link qtranxs-available-language-link-fr\" title=\"Fran\u00e7ais\">Franc\u00e9s<\/a> y <a href=\"https:\/\/www.hotel-lamarisa.com\/en\/wp-json\/wp\/v2\/pages\/505\" class=\"qtranxs-available-language-link qtranxs-available-language-link-en\" title=\"English\">Ingl\u00e9s Estadounidense<\/a>.<\/p>","protected":false},"excerpt":{"rendered":"<p>Disculpa, pero esta entrada est\u00e1 disponible s\u00f3lo en Franc\u00e9s y Ingl\u00e9s Estadounidense.<\/p>\n","protected":false},"author":1,"featured_media":0,"parent":0,"menu_order":0,"comment_status":"closed","ping_status":"closed","template":"","meta":{"ngg_post_thumbnail":0},"yoast_head":"<!-- This site is optimized with the Yoast SEO plugin v15.9 - https:\/\/yoast.com\/wordpress\/plugins\/seo\/ -->\n<meta name=\"robots\" content=\"index, follow, max-snippet:-1, max-image-preview:large, max-video-preview:-1\" \/>\n<link rel=\"canonical\" href=\"https:\/\/www.hotel-lamarisa.com\/la-marisa-et-lenvironnement\/\" \/>\n<meta name=\"twitter:label1\" content=\"Tiempo de lectura\">\n\t<meta name=\"twitter:data1\" content=\"4 minutos\">\n<script type=\"application\/ld+json\" class=\"yoast-schema-graph\">{\"@context\":\"https:\/\/schema.org\",\"@graph\":[{\"@type\":\"WebSite\",\"@id\":\"https:\/\/www.hotel-lamarisa.com\/#website\",\"url\":\"https:\/\/www.hotel-lamarisa.com\/\",\"name\":\"Hotel La Marisa \\u00e0 St Jean de Luz au Pays Basque\",\"description\":\"\",\"potentialAction\":[{\"@type\":\"SearchAction\",\"target\":\"https:\/\/www.hotel-lamarisa.com\/?s={search_term_string}\",\"query-input\":\"required name=search_term_string\"}],\"inLanguage\":\"es\"},{\"@type\":\"ImageObject\",\"@id\":\"https:\/\/www.hotel-lamarisa.com\/la-marisa-et-lenvironnement\/#primaryimage\",\"inLanguage\":\"es\",\"url\":\"https:\/\/www.hotel-lamarisa.com\/wp-content\/uploads\/2012\/12\/ico-lumiere.gif\"},{\"@type\":\"WebPage\",\"@id\":\"https:\/\/www.hotel-lamarisa.com\/la-marisa-et-lenvironnement\/#webpage\",\"url\":\"https:\/\/www.hotel-lamarisa.com\/la-marisa-et-lenvironnement\/\",\"name\":\"La Marisa et l'EnvironnementLa Marisa and the Environment\\u2026 - Hotel La Marisa \\u00e0 St Jean de Luz au Pays Basque\",\"isPartOf\":{\"@id\":\"https:\/\/www.hotel-lamarisa.com\/#website\"},\"primaryImageOfPage\":{\"@id\":\"https:\/\/www.hotel-lamarisa.com\/la-marisa-et-lenvironnement\/#primaryimage\"},\"datePublished\":\"2012-12-26T11:17:34+00:00\",\"dateModified\":\"2015-02-12T10:42:33+00:00\",\"breadcrumb\":{\"@id\":\"https:\/\/www.hotel-lamarisa.com\/la-marisa-et-lenvironnement\/#breadcrumb\"},\"inLanguage\":\"es\",\"potentialAction\":[{\"@type\":\"ReadAction\",\"target\":[\"https:\/\/www.hotel-lamarisa.com\/la-marisa-et-lenvironnement\/\"]}]},{\"@type\":\"BreadcrumbList\",\"@id\":\"https:\/\/www.hotel-lamarisa.com\/la-marisa-et-lenvironnement\/#breadcrumb\",\"itemListElement\":[{\"@type\":\"ListItem\",\"position\":1,\"item\":{\"@type\":\"WebPage\",\"@id\":\"https:\/\/www.hotel-lamarisa.com\/\",\"url\":\"https:\/\/www.hotel-lamarisa.com\/\",\"name\":\"Accueil\"}},{\"@type\":\"ListItem\",\"position\":2,\"item\":{\"@type\":\"WebPage\",\"@id\":\"https:\/\/www.hotel-lamarisa.com\/la-marisa-et-lenvironnement\/\",\"url\":\"https:\/\/www.hotel-lamarisa.com\/la-marisa-et-lenvironnement\/\",\"name\":\"La Marisa et l&#8217;Environnement\"}}]}]}<\/script>\n<!-- \/ Yoast SEO plugin. -->","_links":{"self":[{"href":"https:\/\/www.hotel-lamarisa.com\/es\/wp-json\/wp\/v2\/pages\/505"}],"collection":[{"href":"https:\/\/www.hotel-lamarisa.com\/es\/wp-json\/wp\/v2\/pages"}],"about":[{"href":"https:\/\/www.hotel-lamarisa.com\/es\/wp-json\/wp\/v2\/types\/page"}],"author":[{"embeddable":true,"href":"https:\/\/www.hotel-lamarisa.com\/es\/wp-json\/wp\/v2\/users\/1"}],"replies":[{"embeddable":true,"href":"https:\/\/www.hotel-lamarisa.com\/es\/wp-json\/wp\/v2\/comments?post=505"}],"version-history":[{"count":0,"href":"https:\/\/www.hotel-lamarisa.com\/es\/wp-json\/wp\/v2\/pages\/505\/revisions"}],"wp:attachment":[{"href":"https:\/\/www.hotel-lamarisa.com\/es\/wp-json\/wp\/v2\/media?parent=505"}],"curies":[{"name":"wp","href":"https:\/\/api.w.org\/{rel}","templated":true}]}}