{"id":5,"date":"2011-10-19T16:33:19","date_gmt":"2011-10-19T16:33:19","guid":{"rendered":"https:\/\/www.hotel-lamarisa.com\/?page_id=5"},"modified":"2021-03-14T11:13:45","modified_gmt":"2021-03-14T11:13:45","slug":"lesprit-la-marisa","status":"publish","type":"page","link":"https:\/\/www.hotel-lamarisa.com\/es\/lesprit-la-marisa\/","title":{"rendered":"El esp\u00edritu de la Marisa"},"content":{"rendered":"<p>El esp\u00edritu de la Marisa\"><img loading=\"lazy\" class=\"size-medium wp-image-1436 aligncenter\" src=\"https:\/\/www.hotel-lamarisa.com\/wp-content\/uploads\/2020\/06\/la-marisa-300x169.jpg\" alt=\"\" width=\"300\" height=\"169\" srcset=\"https:\/\/www.hotel-lamarisa.com\/wp-content\/uploads\/2020\/06\/la-marisa-300x169.jpg 300w, https:\/\/www.hotel-lamarisa.com\/wp-content\/uploads\/2020\/06\/la-marisa-1024x577.jpg 1024w, https:\/\/www.hotel-lamarisa.com\/wp-content\/uploads\/2020\/06\/la-marisa-768x433.jpg 768w, https:\/\/www.hotel-lamarisa.com\/wp-content\/uploads\/2020\/06\/la-marisa-1536x866.jpg 1536w, https:\/\/www.hotel-lamarisa.com\/wp-content\/uploads\/2020\/06\/la-marisa.jpg 1920w\" sizes=\"(max-width: 300px) 100vw, 300px\" \/><\/a><\/p>\n<p>&nbsp;El esp\u00edritu de la Marisa\"><img loading=\"lazy\" class=\"wp-image-1436 size-medium aligncenter\" src=\"https:\/\/www.hotel-lamarisa.com\/wp-content\/uploads\/2020\/06\/la-marisa-300x169.jpg\" alt=\"\" width=\"300\" height=\"169\" srcset=\"https:\/\/www.hotel-lamarisa.com\/wp-content\/uploads\/2020\/06\/la-marisa-300x169.jpg 300w, https:\/\/www.hotel-lamarisa.com\/wp-content\/uploads\/2020\/06\/la-marisa-1024x577.jpg 1024w, https:\/\/www.hotel-lamarisa.com\/wp-content\/uploads\/2020\/06\/la-marisa-768x433.jpg 768w, https:\/\/www.hotel-lamarisa.com\/wp-content\/uploads\/2020\/06\/la-marisa-1536x866.jpg 1536w, https:\/\/www.hotel-lamarisa.com\/wp-content\/uploads\/2020\/06\/la-marisa.jpg 1920w\" sizes=\"(max-width: 300px) 100vw, 300px\" \/><\/a><\/p>\n<h2><strong><span style=\"font-size: 14pt;\">El encanto de una casa familiar con un ambiente c\u00e1lido e \u00edntimo &#8230;<br \/>\n<\/span><\/strong><\/h2>\n<p>En el coraz\u00f3n de Saint-Jean de-Luz, a dos pasos de la playa, &#8220;La Marisa&#8221; es la direcci\u00f3n ideal para una escala en la ciudad de los Corsarios.<\/p>\n<p>Tanto si busca intimidad, escapada, actividades deportivas, descubrimientos culturales, relajaci\u00f3n, playa o simplemente busca dejarse vivir al ritmo de las olas del Atl\u00e1ntico, se sentir\u00e1 como en casa en \u201cLa Marisa\u201d.<\/p>\n<p>Cada objeto parece contar una historia. Ambiente acogedor, pl\u00e9tora de libros en la biblioteca, todo est\u00e1 pensado hasta el m\u00e1s m\u00ednimo detalle para que pueda recargar pilas en este acogedor y agradable lugar. Nos gusta quedarnos en la sala de estar, descansar en el peque\u00f1o jard\u00edn de flores, un remanso de paz donde puede disfrutar de sus desayunos o un t\u00e9 por la tarde.<\/p>\n<p>Te sentir\u00e1s mimado por un equipo siempre atento, discreto y acogedor, dispuesto a compartir contigo sus recomendaciones, sus ideas para paseos y sus pintorescos descubrimientos. \u00a1Un \u00ab plus \u00bb que lo convierte en una aut\u00e9ntica firma!<\/p>\n<p><a href=\"https:\/\/www.hotel-lamarisa.com\/wp-content\/uploads\/2020\/06\/la-marisa.jpg\" rel=\"lightbox[5]\" title=\"El esp\u00edritu de la Marisa\"><img loading=\"lazy\" class=\"size-medium wp-image-1436 aligncenter\" src=\"https:\/\/www.hotel-lamarisa.com\/wp-content\/uploads\/2020\/06\/la-marisa-300x169.jpg\" alt=\"\" width=\"300\" height=\"169\" srcset=\"https:\/\/www.hotel-lamarisa.com\/wp-content\/uploads\/2020\/06\/la-marisa-300x169.jpg 300w, https:\/\/www.hotel-lamarisa.com\/wp-content\/uploads\/2020\/06\/la-marisa-1024x577.jpg 1024w, https:\/\/www.hotel-lamarisa.com\/wp-content\/uploads\/2020\/06\/la-marisa-768x433.jpg 768w, https:\/\/www.hotel-lamarisa.com\/wp-content\/uploads\/2020\/06\/la-marisa-1536x866.jpg 1536w, https:\/\/www.hotel-lamarisa.com\/wp-content\/uploads\/2020\/06\/la-marisa.jpg 1920w\" sizes=\"(max-width: 300px) 100vw, 300px\" \/><\/a><\/p>\n<p>&nbsp;<\/p>","protected":false},"excerpt":{"rendered":"<p>El esp\u00edritu de la Marisa&#8221;> &nbsp;El esp\u00edritu de la Marisa&#8221;> El encanto de una casa familiar con un ambiente c\u00e1lido [&hellip;]<\/p>\n","protected":false},"author":1,"featured_media":0,"parent":0,"menu_order":0,"comment_status":"closed","ping_status":"closed","template":"","meta":{"ngg_post_thumbnail":0},"yoast_head":"<!-- This site is optimized with the Yoast SEO plugin v15.9 - https:\/\/yoast.com\/wordpress\/plugins\/seo\/ -->\n<meta name=\"robots\" content=\"index, follow, max-snippet:-1, max-image-preview:large, max-video-preview:-1\" \/>\n<link rel=\"canonical\" href=\"https:\/\/www.hotel-lamarisa.com\/lesprit-la-marisa\/\" \/>\n<meta name=\"twitter:label1\" content=\"Tiempo de lectura\">\n\t<meta name=\"twitter:data1\" content=\"1 minuto\">\n<script type=\"application\/ld+json\" class=\"yoast-schema-graph\">{\"@context\":\"https:\/\/schema.org\",\"@graph\":[{\"@type\":\"WebSite\",\"@id\":\"https:\/\/www.hotel-lamarisa.com\/#website\",\"url\":\"https:\/\/www.hotel-lamarisa.com\/\",\"name\":\"Hotel La Marisa \\u00e0 St Jean de Luz au Pays Basque\",\"description\":\"\",\"potentialAction\":[{\"@type\":\"SearchAction\",\"target\":\"https:\/\/www.hotel-lamarisa.com\/?s={search_term_string}\",\"query-input\":\"required name=search_term_string\"}],\"inLanguage\":\"es\"},{\"@type\":\"ImageObject\",\"@id\":\"https:\/\/www.hotel-lamarisa.com\/lesprit-la-marisa\/#primaryimage\",\"inLanguage\":\"es\",\"url\":\"https:\/\/www.hotel-lamarisa.com\/wp-content\/uploads\/2020\/06\/la-marisa-300x169.jpg\"},{\"@type\":\"WebPage\",\"@id\":\"https:\/\/www.hotel-lamarisa.com\/lesprit-la-marisa\/#webpage\",\"url\":\"https:\/\/www.hotel-lamarisa.com\/lesprit-la-marisa\/\",\"name\":\"[:fr]L'esprit la Marisa[:en]La Marisa's spirit[:es]El esp\\u00edritu de la Marisa[:] - Hotel La Marisa \\u00e0 St Jean de Luz au Pays Basque\",\"isPartOf\":{\"@id\":\"https:\/\/www.hotel-lamarisa.com\/#website\"},\"primaryImageOfPage\":{\"@id\":\"https:\/\/www.hotel-lamarisa.com\/lesprit-la-marisa\/#primaryimage\"},\"datePublished\":\"2011-10-19T16:33:19+00:00\",\"dateModified\":\"2021-03-14T11:13:45+00:00\",\"breadcrumb\":{\"@id\":\"https:\/\/www.hotel-lamarisa.com\/lesprit-la-marisa\/#breadcrumb\"},\"inLanguage\":\"es\",\"potentialAction\":[{\"@type\":\"ReadAction\",\"target\":[\"https:\/\/www.hotel-lamarisa.com\/lesprit-la-marisa\/\"]}]},{\"@type\":\"BreadcrumbList\",\"@id\":\"https:\/\/www.hotel-lamarisa.com\/lesprit-la-marisa\/#breadcrumb\",\"itemListElement\":[{\"@type\":\"ListItem\",\"position\":1,\"item\":{\"@type\":\"WebPage\",\"@id\":\"https:\/\/www.hotel-lamarisa.com\/\",\"url\":\"https:\/\/www.hotel-lamarisa.com\/\",\"name\":\"Accueil\"}},{\"@type\":\"ListItem\",\"position\":2,\"item\":{\"@type\":\"WebPage\",\"@id\":\"https:\/\/www.hotel-lamarisa.com\/lesprit-la-marisa\/\",\"url\":\"https:\/\/www.hotel-lamarisa.com\/lesprit-la-marisa\/\",\"name\":\"L&#8217;esprit la Marisa\"}}]}]}<\/script>\n<!-- \/ Yoast SEO plugin. -->","_links":{"self":[{"href":"https:\/\/www.hotel-lamarisa.com\/es\/wp-json\/wp\/v2\/pages\/5"}],"collection":[{"href":"https:\/\/www.hotel-lamarisa.com\/es\/wp-json\/wp\/v2\/pages"}],"about":[{"href":"https:\/\/www.hotel-lamarisa.com\/es\/wp-json\/wp\/v2\/types\/page"}],"author":[{"embeddable":true,"href":"https:\/\/www.hotel-lamarisa.com\/es\/wp-json\/wp\/v2\/users\/1"}],"replies":[{"embeddable":true,"href":"https:\/\/www.hotel-lamarisa.com\/es\/wp-json\/wp\/v2\/comments?post=5"}],"version-history":[{"count":9,"href":"https:\/\/www.hotel-lamarisa.com\/es\/wp-json\/wp\/v2\/pages\/5\/revisions"}],"predecessor-version":[{"id":1541,"href":"https:\/\/www.hotel-lamarisa.com\/es\/wp-json\/wp\/v2\/pages\/5\/revisions\/1541"}],"wp:attachment":[{"href":"https:\/\/www.hotel-lamarisa.com\/es\/wp-json\/wp\/v2\/media?parent=5"}],"curies":[{"name":"wp","href":"https:\/\/api.w.org\/{rel}","templated":true}]}}