{"id":21,"date":"2011-10-19T16:35:25","date_gmt":"2011-10-19T16:35:25","guid":{"rendered":"https:\/\/www.hotel-lamarisa.com\/?page_id=21"},"modified":"2021-02-25T10:19:54","modified_gmt":"2021-02-25T10:19:54","slug":"st-jean-de-luz","status":"publish","type":"page","link":"https:\/\/www.hotel-lamarisa.com\/es\/st-jean-de-luz\/","title":{"rendered":"San Juan de Luz"},"content":{"rendered":"<p>San Juan de Luz\"><img loading=\"lazy\" class=\"size-medium wp-image-973 aligncenter\" src=\"https:\/\/www.hotel-lamarisa.com\/wp-content\/uploads\/2019\/02\/IMG_20190214_223258_142-300x300.jpg\" alt=\"\" width=\"300\" height=\"300\" srcset=\"https:\/\/www.hotel-lamarisa.com\/wp-content\/uploads\/2019\/02\/IMG_20190214_223258_142-300x300.jpg 300w, https:\/\/www.hotel-lamarisa.com\/wp-content\/uploads\/2019\/02\/IMG_20190214_223258_142-150x150.jpg 150w, https:\/\/www.hotel-lamarisa.com\/wp-content\/uploads\/2019\/02\/IMG_20190214_223258_142-768x768.jpg 768w, https:\/\/www.hotel-lamarisa.com\/wp-content\/uploads\/2019\/02\/IMG_20190214_223258_142-1024x1024.jpg 1024w, https:\/\/www.hotel-lamarisa.com\/wp-content\/uploads\/2019\/02\/IMG_20190214_223258_142.jpg 1080w\" sizes=\"(max-width: 300px) 100vw, 300px\" \/><\/a><strong>San Juan de Luz,<\/strong> ciudad insignia del Pa\u00eds Vasco, est\u00e1 llena de tesoros. Su Plaza Luis XIV, su casa de la Infanta, su adorable puerto pesquero, su bah\u00eda, sus playas de arena fina son testigos de grandes momentos de la historia.<\/p>\n<p><strong>Con el tel\u00f3n de fondo de mar o de un oc\u00e9ano embravecido, San Juan de Luz, un verdadero escenario de teatro, se ve con la nariz en el viento y los ojos bien abiertos.<\/strong><\/p>\n<p><a href=\"https:\/\/www.hotel-lamarisa.com\/wp-content\/uploads\/2019\/02\/IMG_20190214_223258_142.jpg\" rel=\"lightbox[21]\" title=\"San Juan de Luz\"><img loading=\"lazy\" class=\"size-medium wp-image-973 aligncenter\" src=\"https:\/\/www.hotel-lamarisa.com\/wp-content\/uploads\/2019\/02\/IMG_20190214_223258_142-300x300.jpg\" alt=\"\" width=\"300\" height=\"300\" srcset=\"https:\/\/www.hotel-lamarisa.com\/wp-content\/uploads\/2019\/02\/IMG_20190214_223258_142-300x300.jpg 300w, https:\/\/www.hotel-lamarisa.com\/wp-content\/uploads\/2019\/02\/IMG_20190214_223258_142-150x150.jpg 150w, https:\/\/www.hotel-lamarisa.com\/wp-content\/uploads\/2019\/02\/IMG_20190214_223258_142-768x768.jpg 768w, https:\/\/www.hotel-lamarisa.com\/wp-content\/uploads\/2019\/02\/IMG_20190214_223258_142-1024x1024.jpg 1024w, https:\/\/www.hotel-lamarisa.com\/wp-content\/uploads\/2019\/02\/IMG_20190214_223258_142.jpg 1080w\" sizes=\"(max-width: 300px) 100vw, 300px\" \/><\/a><\/p>","protected":false},"excerpt":{"rendered":"<p>San Juan de Luz&#8221;>San Juan de Luz, ciudad insignia del Pa\u00eds Vasco, est\u00e1 llena de tesoros. Su Plaza Luis XIV, [&hellip;]<\/p>\n","protected":false},"author":1,"featured_media":0,"parent":0,"menu_order":0,"comment_status":"closed","ping_status":"closed","template":"","meta":{"ngg_post_thumbnail":0},"yoast_head":"<!-- This site is optimized with the Yoast SEO plugin v15.9 - https:\/\/yoast.com\/wordpress\/plugins\/seo\/ -->\n<meta name=\"robots\" content=\"index, follow, max-snippet:-1, max-image-preview:large, max-video-preview:-1\" \/>\n<link rel=\"canonical\" href=\"https:\/\/www.hotel-lamarisa.com\/st-jean-de-luz\/\" \/>\n<meta name=\"twitter:label1\" content=\"Tiempo de lectura\">\n\t<meta name=\"twitter:data1\" content=\"1 minuto\">\n<script type=\"application\/ld+json\" class=\"yoast-schema-graph\">{\"@context\":\"https:\/\/schema.org\",\"@graph\":[{\"@type\":\"WebSite\",\"@id\":\"https:\/\/www.hotel-lamarisa.com\/#website\",\"url\":\"https:\/\/www.hotel-lamarisa.com\/\",\"name\":\"Hotel La Marisa \\u00e0 St Jean de Luz au Pays Basque\",\"description\":\"\",\"potentialAction\":[{\"@type\":\"SearchAction\",\"target\":\"https:\/\/www.hotel-lamarisa.com\/?s={search_term_string}\",\"query-input\":\"required name=search_term_string\"}],\"inLanguage\":\"es\"},{\"@type\":\"ImageObject\",\"@id\":\"https:\/\/www.hotel-lamarisa.com\/st-jean-de-luz\/#primaryimage\",\"inLanguage\":\"es\",\"url\":\"https:\/\/www.hotel-lamarisa.com\/wp-content\/uploads\/2019\/02\/IMG_20190214_223258_142-300x300.jpg\"},{\"@type\":\"WebPage\",\"@id\":\"https:\/\/www.hotel-lamarisa.com\/st-jean-de-luz\/#webpage\",\"url\":\"https:\/\/www.hotel-lamarisa.com\/st-jean-de-luz\/\",\"name\":\"[:fr]Saint-Jean-de-Luz[:en]Saint-Jean-de-Luz[:es]San Juan de Luz[:] - Hotel La Marisa \\u00e0 St Jean de Luz au Pays Basque\",\"isPartOf\":{\"@id\":\"https:\/\/www.hotel-lamarisa.com\/#website\"},\"primaryImageOfPage\":{\"@id\":\"https:\/\/www.hotel-lamarisa.com\/st-jean-de-luz\/#primaryimage\"},\"datePublished\":\"2011-10-19T16:35:25+00:00\",\"dateModified\":\"2021-02-25T10:19:54+00:00\",\"breadcrumb\":{\"@id\":\"https:\/\/www.hotel-lamarisa.com\/st-jean-de-luz\/#breadcrumb\"},\"inLanguage\":\"es\",\"potentialAction\":[{\"@type\":\"ReadAction\",\"target\":[\"https:\/\/www.hotel-lamarisa.com\/st-jean-de-luz\/\"]}]},{\"@type\":\"BreadcrumbList\",\"@id\":\"https:\/\/www.hotel-lamarisa.com\/st-jean-de-luz\/#breadcrumb\",\"itemListElement\":[{\"@type\":\"ListItem\",\"position\":1,\"item\":{\"@type\":\"WebPage\",\"@id\":\"https:\/\/www.hotel-lamarisa.com\/\",\"url\":\"https:\/\/www.hotel-lamarisa.com\/\",\"name\":\"Accueil\"}},{\"@type\":\"ListItem\",\"position\":2,\"item\":{\"@type\":\"WebPage\",\"@id\":\"https:\/\/www.hotel-lamarisa.com\/st-jean-de-luz\/\",\"url\":\"https:\/\/www.hotel-lamarisa.com\/st-jean-de-luz\/\",\"name\":\"Saint-Jean-de-Luz\"}}]}]}<\/script>\n<!-- \/ Yoast SEO plugin. -->","_links":{"self":[{"href":"https:\/\/www.hotel-lamarisa.com\/es\/wp-json\/wp\/v2\/pages\/21"}],"collection":[{"href":"https:\/\/www.hotel-lamarisa.com\/es\/wp-json\/wp\/v2\/pages"}],"about":[{"href":"https:\/\/www.hotel-lamarisa.com\/es\/wp-json\/wp\/v2\/types\/page"}],"author":[{"embeddable":true,"href":"https:\/\/www.hotel-lamarisa.com\/es\/wp-json\/wp\/v2\/users\/1"}],"replies":[{"embeddable":true,"href":"https:\/\/www.hotel-lamarisa.com\/es\/wp-json\/wp\/v2\/comments?post=21"}],"version-history":[{"count":4,"href":"https:\/\/www.hotel-lamarisa.com\/es\/wp-json\/wp\/v2\/pages\/21\/revisions"}],"predecessor-version":[{"id":1464,"href":"https:\/\/www.hotel-lamarisa.com\/es\/wp-json\/wp\/v2\/pages\/21\/revisions\/1464"}],"wp:attachment":[{"href":"https:\/\/www.hotel-lamarisa.com\/es\/wp-json\/wp\/v2\/media?parent=21"}],"curies":[{"name":"wp","href":"https:\/\/api.w.org\/{rel}","templated":true}]}}