{"id":19,"date":"2011-10-19T16:35:12","date_gmt":"2011-10-19T16:35:12","guid":{"rendered":"https:\/\/www.hotel-lamarisa.com\/?page_id=19"},"modified":"2021-03-14T11:14:34","modified_gmt":"2021-03-14T11:14:34","slug":"le-pays-basque","status":"publish","type":"page","link":"https:\/\/www.hotel-lamarisa.com\/es\/le-pays-basque\/","title":{"rendered":"Pa\u00eds Vasco"},"content":{"rendered":"<p><strong>La prestigiosa Costa Vasca que se extiende desde Bayona hasta Hendaya <\/strong> Hendaya le seducir\u00e1 con sus playas, famosos balnearios, campos de golf &#8230;<\/p>\n<p>T\u00f3mese su tiempo para descubrir el interior y sus pueblos secretos: Ascain, Sare, Ainhoa, Espelette, La Bastide-Clairence &#8230;<br \/>\nLas tapas de Hondarribia o San Sebasti\u00e1n est\u00e1n a unos veinte kil\u00f3metros y el Museo Guggenheim de Bilbao a 1,5 horas.<\/p>\n<p>\u00a1 No dude en pedirnos recomendaciones, \u00a1estaremos encantados de ayudarte !<\/p>\n<p><strong>\u00a1 Buena estancia !<\/strong><\/p>\n<p>&nbsp;<\/p>","protected":false},"excerpt":{"rendered":"<p>La prestigiosa Costa Vasca que se extiende desde Bayona hasta Hendaya Hendaya le seducir\u00e1 con sus playas, famosos balnearios, campos [&hellip;]<\/p>\n","protected":false},"author":1,"featured_media":0,"parent":0,"menu_order":0,"comment_status":"closed","ping_status":"closed","template":"","meta":{"ngg_post_thumbnail":0},"yoast_head":"<!-- This site is optimized with the Yoast SEO plugin v15.9 - https:\/\/yoast.com\/wordpress\/plugins\/seo\/ -->\n<meta name=\"robots\" content=\"index, follow, max-snippet:-1, max-image-preview:large, max-video-preview:-1\" \/>\n<link rel=\"canonical\" href=\"https:\/\/www.hotel-lamarisa.com\/le-pays-basque\/\" \/>\n<meta name=\"twitter:label1\" content=\"Tiempo de lectura\">\n\t<meta name=\"twitter:data1\" content=\"1 minuto\">\n<script type=\"application\/ld+json\" class=\"yoast-schema-graph\">{\"@context\":\"https:\/\/schema.org\",\"@graph\":[{\"@type\":\"WebSite\",\"@id\":\"https:\/\/www.hotel-lamarisa.com\/#website\",\"url\":\"https:\/\/www.hotel-lamarisa.com\/\",\"name\":\"Hotel La Marisa \\u00e0 St Jean de Luz au Pays Basque\",\"description\":\"\",\"potentialAction\":[{\"@type\":\"SearchAction\",\"target\":\"https:\/\/www.hotel-lamarisa.com\/?s={search_term_string}\",\"query-input\":\"required name=search_term_string\"}],\"inLanguage\":\"es\"},{\"@type\":\"WebPage\",\"@id\":\"https:\/\/www.hotel-lamarisa.com\/le-pays-basque\/#webpage\",\"url\":\"https:\/\/www.hotel-lamarisa.com\/le-pays-basque\/\",\"name\":\"D\\u00e9couvrez le Pays Basque et ses richesses\",\"isPartOf\":{\"@id\":\"https:\/\/www.hotel-lamarisa.com\/#website\"},\"datePublished\":\"2011-10-19T16:35:12+00:00\",\"dateModified\":\"2021-03-14T11:14:34+00:00\",\"breadcrumb\":{\"@id\":\"https:\/\/www.hotel-lamarisa.com\/le-pays-basque\/#breadcrumb\"},\"inLanguage\":\"es\",\"potentialAction\":[{\"@type\":\"ReadAction\",\"target\":[\"https:\/\/www.hotel-lamarisa.com\/le-pays-basque\/\"]}]},{\"@type\":\"BreadcrumbList\",\"@id\":\"https:\/\/www.hotel-lamarisa.com\/le-pays-basque\/#breadcrumb\",\"itemListElement\":[{\"@type\":\"ListItem\",\"position\":1,\"item\":{\"@type\":\"WebPage\",\"@id\":\"https:\/\/www.hotel-lamarisa.com\/\",\"url\":\"https:\/\/www.hotel-lamarisa.com\/\",\"name\":\"Accueil\"}},{\"@type\":\"ListItem\",\"position\":2,\"item\":{\"@type\":\"WebPage\",\"@id\":\"https:\/\/www.hotel-lamarisa.com\/le-pays-basque\/\",\"url\":\"https:\/\/www.hotel-lamarisa.com\/le-pays-basque\/\",\"name\":\"Le Pays Basque\"}}]}]}<\/script>\n<!-- \/ Yoast SEO plugin. -->","_links":{"self":[{"href":"https:\/\/www.hotel-lamarisa.com\/es\/wp-json\/wp\/v2\/pages\/19"}],"collection":[{"href":"https:\/\/www.hotel-lamarisa.com\/es\/wp-json\/wp\/v2\/pages"}],"about":[{"href":"https:\/\/www.hotel-lamarisa.com\/es\/wp-json\/wp\/v2\/types\/page"}],"author":[{"embeddable":true,"href":"https:\/\/www.hotel-lamarisa.com\/es\/wp-json\/wp\/v2\/users\/1"}],"replies":[{"embeddable":true,"href":"https:\/\/www.hotel-lamarisa.com\/es\/wp-json\/wp\/v2\/comments?post=19"}],"version-history":[{"count":5,"href":"https:\/\/www.hotel-lamarisa.com\/es\/wp-json\/wp\/v2\/pages\/19\/revisions"}],"predecessor-version":[{"id":1542,"href":"https:\/\/www.hotel-lamarisa.com\/es\/wp-json\/wp\/v2\/pages\/19\/revisions\/1542"}],"wp:attachment":[{"href":"https:\/\/www.hotel-lamarisa.com\/es\/wp-json\/wp\/v2\/media?parent=19"}],"curies":[{"name":"wp","href":"https:\/\/api.w.org\/{rel}","templated":true}]}}