{"id":17,"date":"2012-10-12T18:00:59","date_gmt":"2012-10-12T18:00:59","guid":{"rendered":"https:\/\/www.hotel-lamarisa.com\/?page_id=17"},"modified":"2021-02-25T09:56:48","modified_gmt":"2021-02-25T09:56:48","slug":"situation","status":"publish","type":"page","link":"https:\/\/www.hotel-lamarisa.com\/es\/situation\/","title":{"rendered":"Localizacion"},"content":{"rendered":"<p><\/p>\n<p><strong><em>&#8220;La Marisa&#8221;<\/em> es una parada privilegiada para descubrir la Costa Vasca.<\/strong><\/p>\n<p><strong>En el coraz\u00f3n de Saint-Jean-de-Luz, &#8220;La Marisa&#8221; le permite disfrutar de todo &#8230;<\/strong><\/p>\n<p><strong>olvidando tu coche!<\/strong><\/p>\n<p>La bah\u00eda y su magn\u00edfica playa te esperan\u2026 a menos de 50 metros.<\/p>\n<p>El centro hist\u00f3rico y peatonal est\u00e1 a 100 metros. Tiendas y restaurantes est\u00e1n al alcance de la mano.<\/p>\n<p>\u00bfViene en tren? La estaci\u00f3n de tren SNCF est\u00e1 a 600 metros.<\/p>\n<p>En avi\u00f3n ? El aeropuerto de Biarritz (15 km) es servido varias veces al d\u00eda por una l\u00ednea de autob\u00fas (ATCRB).\u00a0<\/p>\n<p>&nbsp;<\/p>\n<p><iframe src=\"http:\/\/maps.google.fr\/maps?oe=utf-8&amp;client=firefox-a&amp;ie=UTF8&amp;q=la+marisa&amp;fb=1&amp;gl=fr&amp;hq=la+marisa&amp;hnear=0xd51152b0af31e33:0x40665174813a830,Biarritz&amp;cid=0,0,18108292158167919594&amp;t=m&amp;ll=43.393947,-1.661768&amp;spn=0.012474,0.025792&amp;z=15&amp;iwloc=A&amp;output=embed\" frameborder=\"0\" marginwidth=\"0\" marginheight=\"0\" scrolling=\"no\" width=\"610\" height=\"400\"><\/iframe> <small><a style=\"color: #0000ff; text-align: left;\" href=\"http:\/\/maps.google.fr\/maps?oe=utf-8&amp;client=firefox-a&amp;ie=UTF8&amp;q=la+marisa&amp;fb=1&amp;gl=fr&amp;hq=la+marisa&amp;hnear=0xd51152b0af31e33:0x40665174813a830,Biarritz&amp;cid=0,0,18108292158167919594&amp;t=m&amp;ll=43.393947,-1.661768&amp;spn=0.012474,0.025792&amp;z=15&amp;iwloc=A&amp;source=embed\">Agrandir le plan<\/a><\/small><\/p>\n<p><\/p>","protected":false},"excerpt":{"rendered":"<p>&#8220;La Marisa&#8221; es una parada privilegiada para descubrir la Costa Vasca. En el coraz\u00f3n de Saint-Jean-de-Luz, &#8220;La Marisa&#8221; le permite [&hellip;]<\/p>\n","protected":false},"author":1,"featured_media":0,"parent":0,"menu_order":0,"comment_status":"closed","ping_status":"closed","template":"","meta":{"ngg_post_thumbnail":0},"yoast_head":"<!-- This site is optimized with the Yoast SEO plugin v15.9 - https:\/\/yoast.com\/wordpress\/plugins\/seo\/ -->\n<meta name=\"robots\" content=\"index, follow, max-snippet:-1, max-image-preview:large, max-video-preview:-1\" \/>\n<link rel=\"canonical\" href=\"https:\/\/www.hotel-lamarisa.com\/situation\/\" \/>\n<meta name=\"twitter:label1\" content=\"Tiempo de lectura\">\n\t<meta name=\"twitter:data1\" content=\"1 minuto\">\n<script type=\"application\/ld+json\" class=\"yoast-schema-graph\">{\"@context\":\"https:\/\/schema.org\",\"@graph\":[{\"@type\":\"WebSite\",\"@id\":\"https:\/\/www.hotel-lamarisa.com\/#website\",\"url\":\"https:\/\/www.hotel-lamarisa.com\/\",\"name\":\"Hotel La Marisa \\u00e0 St Jean de Luz au Pays Basque\",\"description\":\"\",\"potentialAction\":[{\"@type\":\"SearchAction\",\"target\":\"https:\/\/www.hotel-lamarisa.com\/?s={search_term_string}\",\"query-input\":\"required name=search_term_string\"}],\"inLanguage\":\"es\"},{\"@type\":\"WebPage\",\"@id\":\"https:\/\/www.hotel-lamarisa.com\/situation\/#webpage\",\"url\":\"https:\/\/www.hotel-lamarisa.com\/situation\/\",\"name\":\"[:fr]Situation[:en]Location[:es]Localizacion[:] - Hotel La Marisa \\u00e0 St Jean de Luz au Pays Basque\",\"isPartOf\":{\"@id\":\"https:\/\/www.hotel-lamarisa.com\/#website\"},\"datePublished\":\"2012-10-12T18:00:59+00:00\",\"dateModified\":\"2021-02-25T09:56:48+00:00\",\"breadcrumb\":{\"@id\":\"https:\/\/www.hotel-lamarisa.com\/situation\/#breadcrumb\"},\"inLanguage\":\"es\",\"potentialAction\":[{\"@type\":\"ReadAction\",\"target\":[\"https:\/\/www.hotel-lamarisa.com\/situation\/\"]}]},{\"@type\":\"BreadcrumbList\",\"@id\":\"https:\/\/www.hotel-lamarisa.com\/situation\/#breadcrumb\",\"itemListElement\":[{\"@type\":\"ListItem\",\"position\":1,\"item\":{\"@type\":\"WebPage\",\"@id\":\"https:\/\/www.hotel-lamarisa.com\/\",\"url\":\"https:\/\/www.hotel-lamarisa.com\/\",\"name\":\"Accueil\"}},{\"@type\":\"ListItem\",\"position\":2,\"item\":{\"@type\":\"WebPage\",\"@id\":\"https:\/\/www.hotel-lamarisa.com\/situation\/\",\"url\":\"https:\/\/www.hotel-lamarisa.com\/situation\/\",\"name\":\"Situation\"}}]}]}<\/script>\n<!-- \/ Yoast SEO plugin. -->","_links":{"self":[{"href":"https:\/\/www.hotel-lamarisa.com\/es\/wp-json\/wp\/v2\/pages\/17"}],"collection":[{"href":"https:\/\/www.hotel-lamarisa.com\/es\/wp-json\/wp\/v2\/pages"}],"about":[{"href":"https:\/\/www.hotel-lamarisa.com\/es\/wp-json\/wp\/v2\/types\/page"}],"author":[{"embeddable":true,"href":"https:\/\/www.hotel-lamarisa.com\/es\/wp-json\/wp\/v2\/users\/1"}],"replies":[{"embeddable":true,"href":"https:\/\/www.hotel-lamarisa.com\/es\/wp-json\/wp\/v2\/comments?post=17"}],"version-history":[{"count":9,"href":"https:\/\/www.hotel-lamarisa.com\/es\/wp-json\/wp\/v2\/pages\/17\/revisions"}],"predecessor-version":[{"id":1462,"href":"https:\/\/www.hotel-lamarisa.com\/es\/wp-json\/wp\/v2\/pages\/17\/revisions\/1462"}],"wp:attachment":[{"href":"https:\/\/www.hotel-lamarisa.com\/es\/wp-json\/wp\/v2\/media?parent=17"}],"curies":[{"name":"wp","href":"https:\/\/api.w.org\/{rel}","templated":true}]}}