{"id":15,"date":"2011-02-22T12:15:49","date_gmt":"2011-02-22T12:15:49","guid":{"rendered":"https:\/\/www.hotel-lamarisa.com\/?page_id=15"},"modified":"2026-03-01T11:57:37","modified_gmt":"2026-03-01T11:57:37","slug":"tarifs-et-reservation","status":"publish","type":"page","link":"https:\/\/www.hotel-lamarisa.com\/es\/tarifs-et-reservation\/","title":{"rendered":"Precios y reserva"},"content":{"rendered":"<p><span style=\"color: #000000; font-family: arial; font-weight: bold; font-size: 18pt;\">PRECIOS 2026<\/span><\/p>\n<p><span style=\"font-family: arial, helvetica, sans-serif; font-size: 10pt;\">Informaci\u00f3n proporcionada s\u00f3lo con fines informativos, por favor consulte nuestra p\u00e1gina de reservas para m\u00e1s detalles.<\/span><br \/>\n<span style=\"font-family: arial, helvetica, sans-serif; font-size: 10pt;\">Tambi\u00e9n puede contactarnos directamente por tel\u00e9fono o correo electr\u00f3nico:<\/span><\/p>\n<p><span style=\"color: #800000;\"><strong><span style=\"font-family: arial, helvetica, sans-serif;\">05 59 26 95 46&nbsp; &nbsp;<\/span><\/strong><\/span><\/p>\n<p><span style=\"color: #800000;\"><strong><span style=\"font-family: arial, helvetica, sans-serif;\">info@hotel-lamarisa.com<\/span><\/strong><\/span><\/p>\n<div style=\"clear: both;\">\n<table style=\"width: 100%; height: 305px;\" cellspacing=\"2px\" cellpadding=\"5px\">\n<tbody>\n<tr>\n<td style=\"background: #a70a1c none repeat scroll 0% 0%; color: #ffffff; font-size: 13px; font-weight: bold; text-transform: uppercase; width: 122px;\"><span style=\"font-size: 8pt;\">Saison<\/span><\/td>\n<td style=\"background: none 0% 0% repeat scroll #a70a1c; color: #ffffff; font-size: 13px; font-weight: bold; width: 129px;\"><span style=\"font-size: 8pt;\">Tr\u00e8s basse<\/span><\/td>\n<td style=\"background: none 0% 0% repeat scroll #a70a1c; color: #ffffff; font-size: 13px; font-weight: bold; width: 122px;\"><span style=\"font-size: 8pt;\">Basse<\/span><\/td>\n<td style=\"background: none 0% 0% repeat scroll #a70a1c; color: #ffffff; font-size: 13px; font-weight: bold; width: 142px;\"><span style=\"font-size: 8pt;\">Moyenne<\/span><\/td>\n<td style=\"background: none 0% 0% repeat scroll #a70a1c; color: #ffffff; font-size: 13px; font-weight: bold; width: 142px;\"><span style=\"font-size: 8pt;\">Haute<\/span><\/td>\n<\/tr>\n<tr>\n<td style=\"background: #ffffff none repeat scroll 0% 0%; color: #ffffff; text-align: center; width: 122px;\"><span style=\"font-size: 8pt;\">&nbsp;<\/span><\/td>\n<td style=\"background: none 0% 0% repeat scroll #d8d1ca; color: #42291b; font-size: 13px; text-align: center; width: 129px;\"><span style=\"font-size: 8pt;\">01 F\u00e9vrier &#8211; 29 Mars<\/span><\/td>\n<td style=\"background: none 0% 0% repeat scroll #d8d1ca; color: #42291b; font-size: 13px; text-align: center; width: 122px;\"><span style=\"font-size: 8pt;\">30 Mars &#8211; 02 Avril<\/span><\/td>\n<td style=\"background: none 0% 0% repeat scroll #d8d1ca; color: #42291b; font-size: 13px; text-align: center; width: 142px;\"><span style=\"font-size: 8pt;\">03 Avril &#8211; 6 Juillet<\/span><\/td>\n<td style=\"background: none 0% 0% repeat scroll #d8d1ca; color: #42291b; font-size: 13px; text-align: center; width: 142px;\"><span style=\"font-size: 8pt;\">7 Juillet &#8211; 30 Sept<\/span><\/td>\n<\/tr>\n<tr>\n<td style=\"background: #ffffff none repeat scroll 0% 0%; color: #ffffff; width: 122px;\"><span style=\"font-size: 8pt;\">&nbsp;<\/span><\/td>\n<td style=\"background: none 0% 0% repeat scroll #d8d1ca; color: #42291b; font-size: 13px; text-align: center; width: 129px;\"><span style=\"font-size: 8pt;\">x<\/span><\/td>\n<td style=\"background: none 0% 0% repeat scroll #d8d1ca; color: #42291b; font-size: 13px; text-align: center; width: 122px;\"><span style=\"font-size: 8pt;\">01 Novembre &#8211; 15 D\u00e9cembre<\/span><\/td>\n<td style=\"background: none 0% 0% repeat scroll #d8d1ca; color: #42291b; font-size: 13px; text-align: center; width: 142px;\"><span style=\"font-size: 8pt;\">01 &#8211; 31 Oct<\/span><\/td>\n<td style=\"background: none 0% 0% repeat scroll #d8d1ca; color: #42291b; font-size: 13px; text-align: center; width: 142px;\"><span style=\"font-size: 8pt;\">x<\/span><\/td>\n<\/tr>\n<tr>\n<td style=\"background: #ffffff none repeat scroll 0% 0%; color: #ffffff; width: 122px;\"><span style=\"font-size: 8pt;\">&nbsp;<\/span><\/td>\n<td style=\"background: none 0% 0% repeat scroll #d8d1ca; color: #42291b; font-size: 13px; text-align: center; width: 129px;\"><span style=\"font-size: 8pt;\">&nbsp;x<\/span><\/td>\n<td style=\"background: none 0% 0% repeat scroll #d8d1ca; color: #42291b; font-size: 13px; text-align: center; width: 122px;\"><span style=\"font-size: 8pt;\">x<\/span><\/td>\n<td style=\"background: none 0% 0% repeat scroll #d8d1ca; color: #42291b; font-size: 13px; text-align: center; width: 142px;\"><span style=\"font-size: 8pt;\">20 Dec &#8211; 10 Janvier<\/span><\/td>\n<td style=\"background: none 0% 0% repeat scroll #d8d1ca; color: #42291b; font-size: 13px; text-align: center; width: 142px;\"><span style=\"font-size: 8pt;\">x<\/span><\/td>\n<\/tr>\n<tr>\n<td style=\"background: #a70a1c none repeat scroll 0% 0%; color: #ffffff; font-size: 13px; font-weight: bold; width: 122px;\"><span style=\"font-size: 8pt;\">&nbsp;Pequeno Clasica<\/span><\/td>\n<td style=\"background: none 0% 0% repeat scroll #eee9e5; color: #a70a1c; font-size: 13px; width: 129px;\"><span style=\"font-size: 8pt;\">\u00e0 partir de 89\u20ac<\/span><\/td>\n<td style=\"background: none 0% 0% repeat scroll #eee9e5; color: #a70a1c; font-size: 13px; width: 122px;\"><span style=\"font-size: 8pt;\">\u00e0 partir de 105\u20ac<\/span><\/td>\n<td style=\"background: none 0% 0% repeat scroll #eee9e5; color: #a70a1c; font-size: 13px; width: 142px;\"><span style=\"font-size: 8pt;\">\u00e0 partir de 130\u20ac<\/span><\/td>\n<td style=\"background: none 0% 0% repeat scroll #eee9e5; color: #a70a1c; font-size: 13px; width: 142px;\"><span style=\"font-size: 8pt;\">\u00e0 partir de 150\u20ac<\/span><\/td>\n<\/tr>\n<tr>\n<td style=\"background: #a70a1c none repeat scroll 0% 0%; color: #ffffff; font-size: 13px; font-weight: bold; width: 122px;\"><span style=\"font-size: 8pt;\">Confortable<\/span><\/td>\n<td style=\"background: none 0% 0% repeat scroll #eee9e5; color: #a70a1c; font-size: 13px; width: 129px;\"><span style=\"font-size: 8pt;\">\u00e0 partir de 105\u20ac<\/span><\/td>\n<td style=\"background: none 0% 0% repeat scroll #eee9e5; color: #a70a1c; font-size: 13px; width: 122px;\"><span style=\"font-size: 8pt;\">\u00e0 partir de 115\u20ac<\/span><\/td>\n<td style=\"background: none 0% 0% repeat scroll #eee9e5; color: #a70a1c; font-size: 13px; width: 142px;\"><span style=\"font-size: 8pt;\">\u00e0 partir de 140\u20ac<\/span><\/td>\n<td style=\"background: none 0% 0% repeat scroll #eee9e5; color: #a70a1c; font-size: 13px; width: 142px;\"><span style=\"font-size: 8pt;\">\u00e0 partir de 180\u20ac<\/span><\/td>\n<\/tr>\n<tr>\n<td style=\"background: #a70a1c none repeat scroll 0% 0%; color: #ffffff; font-size: 13px; font-weight: bold; width: 122px;\"><span style=\"font-size: 8pt;\">Gran Confort<\/span><\/td>\n<td style=\"background: none 0% 0% repeat scroll #eee9e5; color: #a70a1c; font-size: 13px; width: 129px;\"><span style=\"font-size: 8pt;\">\u00e0 partir 115\u20ac<\/span><\/td>\n<td style=\"background: none 0% 0% repeat scroll #eee9e5; color: #a70a1c; font-size: 13px; width: 122px;\"><span style=\"font-size: 8pt;\">\u00e0 partir de 135\u20ac<\/span><\/td>\n<td style=\"background: none 0% 0% repeat scroll #eee9e5; color: #a70a1c; font-size: 13px; width: 142px;\"><span style=\"font-size: 8pt;\">\u00e0 partir de 155\u20ac<\/span><\/td>\n<td style=\"background: none 0% 0% repeat scroll #eee9e5; color: #a70a1c; font-size: 13px; width: 142px;\"><span style=\"font-size: 8pt;\">\u00e0 partir de 190\u20ac<\/span><\/td>\n<\/tr>\n<\/tbody>\n<\/table>\n<\/div>\n<div style=\"text-transform: uppercase; float: right; font-family: arial; font-size: 12px; color: #ffffff; margin: 5px -180px 0px 0px; text-align: left;\">&nbsp;<\/div>\n<h6>&nbsp;<\/h6>\n<div>&nbsp;<\/div>\n<div style=\"text-align: left;\"><strong><span style=\"font-family: arial, helvetica, sans-serif;\">Para reservar haga clic<\/span><\/strong>&nbsp;<strong><span style=\"font-size: 14pt;\">&nbsp;<span style=\"font-family: arial, helvetica, sans-serif;\"><a style=\"color: #800000;\" href=\"http:\/\/hotel.reservit.com\/reservit\/reserhotel.php?hotelid=203475&amp;lang=ES\" target=\"_blank\" rel=\"noopener noreferrer\">AQU\u00cd<\/a><\/span><\/span><\/strong><\/div>\n<div>&nbsp;<\/div>\n<div>\n<p><strong><span style=\"color: #800000;\"><span style=\"font-family: arial, helvetica, sans-serif; font-size: 10pt;\">Estas tarifas pueden estar sujetas a promociones y modificaciones. Gracias por contactarnos.<\/span><\/span><\/strong><\/p>\n<p>* El desayuno se sirve en nuestra sala de desayunos, en su habitaci\u00f3n o en nuestro patio florido (14,50 \u20ac por d\u00eda y por persona).<\/p>\n<p>* El hotel tambi\u00e9n tiene algunos lugares para estacionar si llega en autom\u00f3vil (las reservaciones deben hacerse con anticipaci\u00f3n; se le enviar\u00e1 una confirmaci\u00f3n por escrito).<\/p>\n<p>\u2013 Aparcamiento p\u00fablico subterr\u00e1neo Gran Playa a 100 m: 17 \u20ac por d\u00eda.<br \/>\n\u2013 Garaje privado en el hotel: 20 \u20ac por d\u00eda.<br \/>\nHay una parada de un minuto frente al hotel para descargar su equipaje.<\/p>\n<p>* Damos la bienvenida a sus acompa\u00f1antes de 4 patas (menos de 10 kg) bajo petici\u00f3n previa con un suplemento diario de 12 \u20ac.<\/p>\n<\/div>\n<p><\/p>","protected":false},"excerpt":{"rendered":"<p>PRECIOS 2026 Informaci\u00f3n proporcionada s\u00f3lo con fines informativos, por favor consulte nuestra p\u00e1gina de reservas para m\u00e1s detalles. Tambi\u00e9n puede [&hellip;]<\/p>\n","protected":false},"author":1,"featured_media":0,"parent":0,"menu_order":0,"comment_status":"open","ping_status":"open","template":"","meta":{"ngg_post_thumbnail":0},"yoast_head":"<!-- This site is optimized with the Yoast SEO plugin v15.9 - https:\/\/yoast.com\/wordpress\/plugins\/seo\/ -->\n<meta name=\"robots\" content=\"index, follow, max-snippet:-1, max-image-preview:large, max-video-preview:-1\" \/>\n<link rel=\"canonical\" href=\"https:\/\/www.hotel-lamarisa.com\/tarifs-et-reservation\/\" \/>\n<meta name=\"twitter:label1\" content=\"Tiempo de lectura\">\n\t<meta name=\"twitter:data1\" content=\"2 minutos\">\n<script type=\"application\/ld+json\" class=\"yoast-schema-graph\">{\"@context\":\"https:\/\/schema.org\",\"@graph\":[{\"@type\":\"WebSite\",\"@id\":\"https:\/\/www.hotel-lamarisa.com\/#website\",\"url\":\"https:\/\/www.hotel-lamarisa.com\/\",\"name\":\"Hotel La Marisa \\u00e0 St Jean de Luz au Pays Basque\",\"description\":\"\",\"potentialAction\":[{\"@type\":\"SearchAction\",\"target\":\"https:\/\/www.hotel-lamarisa.com\/?s={search_term_string}\",\"query-input\":\"required name=search_term_string\"}],\"inLanguage\":\"es\"},{\"@type\":\"ImageObject\",\"@id\":\"https:\/\/www.hotel-lamarisa.com\/tarifs-et-reservation\/#primaryimage\",\"inLanguage\":\"es\",\"url\":\"https:\/\/www.hotel-lamarisa.com\/wp-content\/uploads\/2011\/12\/img_tarifs_voir.jpg\"},{\"@type\":\"WebPage\",\"@id\":\"https:\/\/www.hotel-lamarisa.com\/tarifs-et-reservation\/#webpage\",\"url\":\"https:\/\/www.hotel-lamarisa.com\/tarifs-et-reservation\/\",\"name\":\"[:fr]Tarifs et r\\u00e9servation[:en]Rates and reservation[:es]Precios y reserva[:] - Hotel La Marisa \\u00e0 St Jean de Luz au Pays Basque\",\"isPartOf\":{\"@id\":\"https:\/\/www.hotel-lamarisa.com\/#website\"},\"primaryImageOfPage\":{\"@id\":\"https:\/\/www.hotel-lamarisa.com\/tarifs-et-reservation\/#primaryimage\"},\"datePublished\":\"2011-02-22T12:15:49+00:00\",\"dateModified\":\"2026-03-01T11:57:37+00:00\",\"breadcrumb\":{\"@id\":\"https:\/\/www.hotel-lamarisa.com\/tarifs-et-reservation\/#breadcrumb\"},\"inLanguage\":\"es\",\"potentialAction\":[{\"@type\":\"ReadAction\",\"target\":[\"https:\/\/www.hotel-lamarisa.com\/tarifs-et-reservation\/\"]}]},{\"@type\":\"BreadcrumbList\",\"@id\":\"https:\/\/www.hotel-lamarisa.com\/tarifs-et-reservation\/#breadcrumb\",\"itemListElement\":[{\"@type\":\"ListItem\",\"position\":1,\"item\":{\"@type\":\"WebPage\",\"@id\":\"https:\/\/www.hotel-lamarisa.com\/\",\"url\":\"https:\/\/www.hotel-lamarisa.com\/\",\"name\":\"Accueil\"}},{\"@type\":\"ListItem\",\"position\":2,\"item\":{\"@type\":\"WebPage\",\"@id\":\"https:\/\/www.hotel-lamarisa.com\/tarifs-et-reservation\/\",\"url\":\"https:\/\/www.hotel-lamarisa.com\/tarifs-et-reservation\/\",\"name\":\"Tarifs et r\\u00e9servation\"}}]}]}<\/script>\n<!-- \/ Yoast SEO plugin. -->","_links":{"self":[{"href":"https:\/\/www.hotel-lamarisa.com\/es\/wp-json\/wp\/v2\/pages\/15"}],"collection":[{"href":"https:\/\/www.hotel-lamarisa.com\/es\/wp-json\/wp\/v2\/pages"}],"about":[{"href":"https:\/\/www.hotel-lamarisa.com\/es\/wp-json\/wp\/v2\/types\/page"}],"author":[{"embeddable":true,"href":"https:\/\/www.hotel-lamarisa.com\/es\/wp-json\/wp\/v2\/users\/1"}],"replies":[{"embeddable":true,"href":"https:\/\/www.hotel-lamarisa.com\/es\/wp-json\/wp\/v2\/comments?post=15"}],"version-history":[{"count":79,"href":"https:\/\/www.hotel-lamarisa.com\/es\/wp-json\/wp\/v2\/pages\/15\/revisions"}],"predecessor-version":[{"id":1631,"href":"https:\/\/www.hotel-lamarisa.com\/es\/wp-json\/wp\/v2\/pages\/15\/revisions\/1631"}],"wp:attachment":[{"href":"https:\/\/www.hotel-lamarisa.com\/es\/wp-json\/wp\/v2\/media?parent=15"}],"curies":[{"name":"wp","href":"https:\/\/api.w.org\/{rel}","templated":true}]}}