{"id":84,"date":"2011-10-24T09:42:08","date_gmt":"2011-10-24T09:42:08","guid":{"rendered":"https:\/\/www.hotel-lamarisa.com\/?page_id=84"},"modified":"2026-03-05T11:21:39","modified_gmt":"2026-03-05T11:21:39","slug":"infos-legales","status":"publish","type":"page","link":"https:\/\/www.hotel-lamarisa.com\/en\/infos-legales\/","title":{"rendered":"Legal infos"},"content":{"rendered":"<p><span style=\"font-size: 10pt; font-family: arial, helvetica, sans-serif;\">Company Legal Information<\/span><br \/>\n<span style=\"font-size: 10pt; font-family: arial, helvetica, sans-serif;\">Company Name: Compagnie H\u00f4teli\u00e8re de Fr\u00e9ol<\/span><br \/>\n<span style=\"font-size: 10pt; font-family: arial, helvetica, sans-serif;\">Legal Structure: SAS \u2013 Simplified Joint-Stock Company<\/span><br \/>\n<span style=\"font-size: 10pt; font-family: arial, helvetica, sans-serif;\">Share Capital: \u20ac6,000<\/span><br \/>\n<span style=\"font-size: 10pt; font-family: arial, helvetica, sans-serif;\">SIREN: 533048088<\/span><br \/>\n<span style=\"font-size: 10pt; font-family: arial, helvetica, sans-serif;\">APE Code: 5510Z \u2013 Hotels and similar accommodation<\/span><br \/>\n<span style=\"font-size: 10pt; font-family: arial, helvetica, sans-serif;\">Intra-Community VAT Number: FR45533048088<\/span><br \/>\n<span style=\"font-size: 10pt; font-family: arial, helvetica, sans-serif;\">Registered Office: 16 rue Sopite, 64500 Saint-Jean-de-Luz, France<\/span><br \/>\n<span style=\"font-size: 10pt; font-family: arial, helvetica, sans-serif;\">Website Publisher<\/span><br \/>\n<span style=\"font-size: 10pt; font-family: arial, helvetica, sans-serif;\">Publication Manager: Olivier Muller, President of the SAS<\/span><br \/>\n<span style=\"font-size: 10pt; font-family: arial, helvetica, sans-serif;\">Webmaster\/Technical Manager: The website is managed by H\u00f4tel La Marisa.<\/span><\/p>\n<p><span style=\"font-size: 10pt; font-family: arial, helvetica, sans-serif;\">For any technical inquiries, please contact us at: info@hotel-lamarisa.com<\/span><br \/>\n<span style=\"font-size: 10pt; font-family: arial, helvetica, sans-serif;\">Data Protection Officer (DPO):<\/span><br \/>\n<span style=\"font-size: 10pt; font-family: arial, helvetica, sans-serif;\">In the absence of a formal appointment, requests concerning personal data may be sent to: info@hotel-lamarisa.com<\/span><br \/>\n<span style=\"font-size: 10pt; font-family: arial, helvetica, sans-serif;\">Responsibilities<\/span><\/p>\n<p><span style=\"font-size: 10pt; font-family: arial, helvetica, sans-serif;\">Despite every effort to ensure the accuracy of the information, Hotel La Marisa disclaims all liability:<\/span><br \/>\n<span style=\"font-size: 10pt; font-family: arial, helvetica, sans-serif;\">\u2022 for any errors, omissions, or inaccuracies related to the use of the website,<\/span><br \/>\n<span style=\"font-size: 10pt; font-family: arial, helvetica, sans-serif;\">\u2022 for inappropriate external content via hyperlinks,<\/span><br \/>\n<span style=\"font-size: 10pt; font-family: arial, helvetica, sans-serif;\">\u2022 for any technical malfunctions (interruptions, outages, viruses, etc.).<\/span><\/p>\n<p><span style=\"font-size: 10pt; font-family: arial, helvetica, sans-serif;\">Personal Data Protection<\/span><br \/>\n<span style=\"font-size: 10pt; font-family: arial, helvetica, sans-serif;\">In accordance with the General Data Protection Regulation (EU 2016\/679) and the amended French Data Protection Act, Hotel La Marisa undertakes to process personal data only for the following purposes:<\/span><br \/>\n<span style=\"font-size: 10pt; font-family: arial, helvetica, sans-serif;\">\u2022 reservation management,<\/span><br \/>\n<span style=\"font-size: 10pt; font-family: arial, helvetica, sans-serif;\">\u2022 customer relations,<\/span><br \/>\n<span style=\"font-size: 10pt; font-family: arial, helvetica, sans-serif;\">\u2022 marketing communications (subject to consent),<\/span><br \/>\n<span style=\"font-size: 10pt; font-family: arial, helvetica, sans-serif;\">\u2022 service improvement.<\/span><br \/>\n<span style=\"font-size: 10pt; font-family: arial, helvetica, sans-serif;\">User Rights:<\/span><br \/>\n<span style=\"font-size: 10pt; font-family: arial, helvetica, sans-serif;\">All users have the right to access, rectify, erase, object to, and restrict the processing of their personal data (Articles 15 to 22 of the GDPR).<\/span><\/p>\n<p><span style=\"font-size: 10pt; font-family: arial, helvetica, sans-serif;\">Contact: info@hotel-lamarisa.com<\/span><br \/>\n<span style=\"font-size: 10pt; font-family: arial, helvetica, sans-serif;\">Postal address: 16 rue Sopite, 64500 Saint-Jean-de-Luz<\/span><br \/>\n<span style=\"font-size: 10pt; font-family: arial, helvetica, sans-serif;\">Data is retained for a period proportionate to its purpose.<\/span><\/p>\n<p><span style=\"font-size: 10pt; font-family: arial, helvetica, sans-serif;\">Cookies<\/span><\/p>\n<p><span style=\"font-size: 10pt; font-family: arial, helvetica, sans-serif;\">This website uses cookies to improve the user experience.<\/span><\/p>\n<p><span style=\"font-size: 10pt; font-family: arial, helvetica, sans-serif;\">By default:<\/span><br \/>\n<span style=\"font-size: 10pt; font-family: arial, helvetica, sans-serif;\">\u2022 Some cookies are strictly necessary for the proper functioning of the website. \u2022 Other cookies (statistical, advertising) may only be placed with your explicit consent.<\/span><\/p>\n<p><span style=\"font-size: 10pt; font-family: arial, helvetica, sans-serif;\">A consent management banner allows users to accept, refuse, or configure the use of cookies.<\/span><br \/>\n<span style=\"font-size: 10pt; font-family: arial, helvetica, sans-serif;\">You can change your preferences at any time via your browser settings or the cookie management module.<\/span><\/p>\n<p><span style=\"font-size: 10pt; font-family: arial, helvetica, sans-serif;\">Intellectual Property<\/span><\/p>\n<p><span style=\"font-size: 10pt; font-family: arial, helvetica, sans-serif;\">All website content (texts, images, videos, logos, databases, architecture) is protected by the provisions of the Intellectual Property Code.<\/span><br \/>\n<span style=\"font-size: 10pt; font-family: arial, helvetica, sans-serif;\">Unless expressly authorized in writing, any reproduction, distribution, or use, even partial, is strictly prohibited.<\/span><\/p>\n<p><span style=\"font-size: 10pt; font-family: arial, helvetica, sans-serif;\">Disputes, Liability, and Mediation<\/span><br \/>\n<span style=\"font-size: 10pt; font-family: arial, helvetica, sans-serif;\">Hotel La Marisa cannot be held liable for consequences related to force majeure or events beyond its control (inclement weather, administrative closures, major technical failures, etc.). In the event of a dispute that cannot be resolved amicably, the customer may contact the relevant mediator:<\/span><br \/>\n<span style=\"font-size: 10pt; font-family: arial, helvetica, sans-serif;\">Tourism and Travel Mediation: 15 avenue Carnot, 75017 Paris &#8211; +33 1 42 67 96 68<\/span><br \/>\n<span style=\"font-size: 10pt; font-family: arial, helvetica, sans-serif;\">www.mtv.travel<\/span><\/p>\n<p><span style=\"font-size: 10pt; font-family: arial, helvetica, sans-serif;\">Right of withdrawal<\/span><br \/>\n<span style=\"font-size: 10pt; font-family: arial, helvetica, sans-serif;\">In accordance with Article L.221-28 of the French Consumer Code, the right of withdrawal does not apply to accommodation services provided on a specific date or during a specific period. Therefore, all reservations are firm, final, and non-refundable, except under specific conditions mentioned in the General Terms and Conditions.<\/span><\/p>\n<p><span style=\"font-size: 10pt; font-family: arial, helvetica, sans-serif;\">Opting out of telemarketing<\/span><\/p>\n<p><span style=\"font-size: 10pt; font-family: arial, helvetica, sans-serif;\">Consumers can opt out of telemarketing by registering for free on the Bloctel register: www.bloctel.gouv.fr<\/span><\/p>\n<p><span style=\"font-size: 10pt; font-family: arial, helvetica, sans-serif;\">Website hosting<\/span><br \/>\n<span style=\"font-size: 10pt; font-family: arial, helvetica, sans-serif;\">Hosting provider: GANDI<\/span><br \/>\n<span style=\"font-size: 10pt; font-family: arial, helvetica, sans-serif;\">63\/65 63 BOULEVARD MASSENA 75013 PARIS<\/span><br \/>\n<span style=\"font-size: 10pt; font-family: arial, helvetica, sans-serif;\">www.gandi.net<\/span><\/p>\n<p><span style=\"font-size: 10pt; font-family: arial, helvetica, sans-serif;\">Applicable law and jurisdiction<\/span><br \/>\n<span style=\"font-size: 10pt; font-family: arial, helvetica, sans-serif;\">These legal notices are governed by French law.<\/span><\/p>\n<p><span style=\"font-size: 10pt; font-family: arial, helvetica, sans-serif;\">Any dispute will fall under the exclusive jurisdiction of the courts of Bayonne, unless otherwise required by mandatory law.<\/span><\/p>","protected":false},"excerpt":{"rendered":"<p>Company Legal Information Company Name: Compagnie H\u00f4teli\u00e8re de Fr\u00e9ol Legal Structure: SAS \u2013 Simplified Joint-Stock Company Share Capital: \u20ac6,000 SIREN: [&hellip;]<\/p>\n","protected":false},"author":1,"featured_media":0,"parent":0,"menu_order":0,"comment_status":"closed","ping_status":"closed","template":"","meta":{"ngg_post_thumbnail":0},"yoast_head":"<!-- This site is optimized with the Yoast SEO plugin v15.9 - https:\/\/yoast.com\/wordpress\/plugins\/seo\/ -->\n<meta name=\"robots\" content=\"index, follow, max-snippet:-1, max-image-preview:large, max-video-preview:-1\" \/>\n<link rel=\"canonical\" href=\"https:\/\/www.hotel-lamarisa.com\/infos-legales\/\" \/>\n<meta name=\"twitter:label1\" content=\"Est. reading time\">\n\t<meta name=\"twitter:data1\" content=\"3 minutes\">\n<script type=\"application\/ld+json\" class=\"yoast-schema-graph\">{\"@context\":\"https:\/\/schema.org\",\"@graph\":[{\"@type\":\"WebSite\",\"@id\":\"https:\/\/www.hotel-lamarisa.com\/#website\",\"url\":\"https:\/\/www.hotel-lamarisa.com\/\",\"name\":\"Hotel La Marisa \\u00e0 St Jean de Luz au Pays Basque\",\"description\":\"\",\"potentialAction\":[{\"@type\":\"SearchAction\",\"target\":\"https:\/\/www.hotel-lamarisa.com\/?s={search_term_string}\",\"query-input\":\"required name=search_term_string\"}],\"inLanguage\":\"en-US\"},{\"@type\":\"WebPage\",\"@id\":\"https:\/\/www.hotel-lamarisa.com\/infos-legales\/#webpage\",\"url\":\"https:\/\/www.hotel-lamarisa.com\/infos-legales\/\",\"name\":\"[:fr]Mentions l\\u00e9gales[:en]Legal infos[:es]Informaci\\u00f3n legal[:] - Hotel La Marisa \\u00e0 St Jean de Luz au Pays Basque\",\"isPartOf\":{\"@id\":\"https:\/\/www.hotel-lamarisa.com\/#website\"},\"datePublished\":\"2011-10-24T09:42:08+00:00\",\"dateModified\":\"2026-03-05T11:21:39+00:00\",\"breadcrumb\":{\"@id\":\"https:\/\/www.hotel-lamarisa.com\/infos-legales\/#breadcrumb\"},\"inLanguage\":\"en-US\",\"potentialAction\":[{\"@type\":\"ReadAction\",\"target\":[\"https:\/\/www.hotel-lamarisa.com\/infos-legales\/\"]}]},{\"@type\":\"BreadcrumbList\",\"@id\":\"https:\/\/www.hotel-lamarisa.com\/infos-legales\/#breadcrumb\",\"itemListElement\":[{\"@type\":\"ListItem\",\"position\":1,\"item\":{\"@type\":\"WebPage\",\"@id\":\"https:\/\/www.hotel-lamarisa.com\/\",\"url\":\"https:\/\/www.hotel-lamarisa.com\/\",\"name\":\"Accueil\"}},{\"@type\":\"ListItem\",\"position\":2,\"item\":{\"@type\":\"WebPage\",\"@id\":\"https:\/\/www.hotel-lamarisa.com\/infos-legales\/\",\"url\":\"https:\/\/www.hotel-lamarisa.com\/infos-legales\/\",\"name\":\"Mentions l\\u00e9gales\"}}]}]}<\/script>\n<!-- \/ Yoast SEO plugin. -->","_links":{"self":[{"href":"https:\/\/www.hotel-lamarisa.com\/en\/wp-json\/wp\/v2\/pages\/84"}],"collection":[{"href":"https:\/\/www.hotel-lamarisa.com\/en\/wp-json\/wp\/v2\/pages"}],"about":[{"href":"https:\/\/www.hotel-lamarisa.com\/en\/wp-json\/wp\/v2\/types\/page"}],"author":[{"embeddable":true,"href":"https:\/\/www.hotel-lamarisa.com\/en\/wp-json\/wp\/v2\/users\/1"}],"replies":[{"embeddable":true,"href":"https:\/\/www.hotel-lamarisa.com\/en\/wp-json\/wp\/v2\/comments?post=84"}],"version-history":[{"count":22,"href":"https:\/\/www.hotel-lamarisa.com\/en\/wp-json\/wp\/v2\/pages\/84\/revisions"}],"predecessor-version":[{"id":1641,"href":"https:\/\/www.hotel-lamarisa.com\/en\/wp-json\/wp\/v2\/pages\/84\/revisions\/1641"}],"wp:attachment":[{"href":"https:\/\/www.hotel-lamarisa.com\/en\/wp-json\/wp\/v2\/media?parent=84"}],"curies":[{"name":"wp","href":"https:\/\/api.w.org\/{rel}","templated":true}]}}